{"id":51,"date":"2014-04-16T19:34:12","date_gmt":"2014-04-16T16:34:12","guid":{"rendered":"http:\/\/www.hkp.fi\/wp\/?page_id=51"},"modified":"2024-03-01T15:09:18","modified_gmt":"2024-03-01T13:09:18","slug":"ota-yhteytta","status":"publish","type":"page","link":"https:\/\/hkp.fi\/?page_id=51","title":{"rendered":"Ota yhteytt\u00e4"},"content":{"rendered":"<p>[et_pb_section fb_built=&#8221;1&#8243; admin_label=&#8221;section v\u00e4rikuva&#8221; _builder_version=&#8221;4.16&#8243; background_image=&#8221;https:\/\/hkp.fi\/wp-content\/uploads\/2019\/08\/sl_2_m\u00e4nty.jpg&#8221; parallax=&#8221;on&#8221; parallax_method=&#8221;off&#8221; custom_padding=&#8221;280px||280px|&#8221; custom_padding_tablet=&#8221;280px||280px|&#8221; transparent_background=&#8221;off&#8221; padding_mobile=&#8221;on&#8221; make_fullwidth=&#8221;off&#8221; use_custom_width=&#8221;off&#8221; width_unit=&#8221;on&#8221; global_colors_info=&#8221;{}&#8221;][et_pb_row column_structure=&#8221;2_3,1_3&#8243; admin_label=&#8221;row&#8221; _builder_version=&#8221;4.16&#8243; global_colors_info=&#8221;{}&#8221;][et_pb_column type=&#8221;2_3&#8243; _builder_version=&#8221;4.16&#8243; global_colors_info=&#8221;{}&#8221;][\/et_pb_column][et_pb_column type=&#8221;1_3&#8243; _builder_version=&#8221;4.16&#8243; background_color=&#8221;rgba(0,0,0,0)&#8221; custom_padding=&#8221;|||&#8221; global_colors_info=&#8221;{}&#8221; custom_padding__hover=&#8221;|||&#8221;][et_pb_text admin_label=&#8221;Text&#8221; _builder_version=&#8221;4.16&#8243; text_text_color=&#8221;#ffffff&#8221; text_font_size=&#8221;18px&#8221; header_text_color=&#8221;#ffffff&#8221; header_3_text_color=&#8221;#ffffff&#8221; background_size=&#8221;initial&#8221; background_position=&#8221;top_left&#8221; background_repeat=&#8221;repeat&#8221; text_orientation=&#8221;center&#8221; module_alignment=&#8221;center&#8221; global_colors_info=&#8221;{}&#8221;]<\/p>\n<h1>Arkkitehtitoimisto HKP Oy<\/h1>\n<p>Hietalahdenranta 5c B, 2.krs<br \/>00120 Helsinki<br \/>+358 9 680 3210<\/p>\n<p>hkp@hkp.fi<br \/>firstname.lastname@hkp.fi<\/p>\n<p>&nbsp;<\/p>\n<p>[\/et_pb_text][et_pb_testimonial quote_icon=&#8221;off&#8221; admin_label=&#8221;ingman&#8221; module_id=&#8221;ingman&#8221; _builder_version=&#8221;4.16&#8243; use_background_color=&#8221;off&#8221; background_size=&#8221;initial&#8221; background_position=&#8221;top_left&#8221; background_repeat=&#8221;repeat&#8221; text_orientation=&#8221;center&#8221; background_layout=&#8221;dark&#8221; use_border_color=&#8221;off&#8221; border_color=&#8221;#ffffff&#8221; border_style=&#8221;solid&#8221; global_colors_info=&#8221;{}&#8221;]<\/p>\n<p><strong>Risto Ingman<\/strong><\/p>\n<p>tj, osakas, arkkitehti SAFA<br \/>050 320 9061<\/p>\n<p>[\/et_pb_testimonial][et_pb_testimonial quote_icon=&#8221;off&#8221; admin_label=&#8221;hyv\u00e4m\u00e4ki&#8221; module_id=&#8221;hyvamaki&#8221; _builder_version=&#8221;4.16&#8243; use_background_color=&#8221;off&#8221; background_size=&#8221;initial&#8221; background_position=&#8221;top_left&#8221; background_repeat=&#8221;repeat&#8221; text_orientation=&#8221;center&#8221; background_layout=&#8221;dark&#8221; use_border_color=&#8221;off&#8221; border_color=&#8221;#ffffff&#8221; border_style=&#8221;solid&#8221; global_colors_info=&#8221;{}&#8221;]<\/p>\n<p><strong>Jukka Hyv\u00e4m\u00e4ki<\/strong><\/p>\n<p>osakas, arkkitehti SAFA<br \/>050 549 9856<\/p>\n<p>[\/et_pb_testimonial][et_pb_testimonial quote_icon=&#8221;off&#8221; admin_label=&#8221;leskel\u00e4&#8221; module_id=&#8221;leskela&#8221; _builder_version=&#8221;4.16&#8243; use_background_color=&#8221;off&#8221; background_size=&#8221;initial&#8221; background_position=&#8221;top_left&#8221; background_repeat=&#8221;repeat&#8221; text_orientation=&#8221;center&#8221; background_layout=&#8221;dark&#8221; use_border_color=&#8221;off&#8221; border_color=&#8221;#ffffff&#8221; border_style=&#8221;solid&#8221; global_colors_info=&#8221;{}&#8221;]<\/p>\n<p><strong>Pekka Leskel\u00e4<\/strong><\/p>\n<p>osakas, arkkitehti SAFA<br \/>040 538 9491<\/p>\n<p>[\/et_pb_testimonial][\/et_pb_column][\/et_pb_row][\/et_pb_section][et_pb_section fb_built=&#8221;1&#8243; fullwidth=&#8221;on&#8221; admin_label=&#8221;section&#8221; _builder_version=&#8221;4.16&#8243; background_color=&#8221;rgba(255,255,255,0)&#8221; transparent_background=&#8221;on&#8221; global_colors_info=&#8221;{}&#8221;][et_pb_fullwidth_header title=&#8221;Arkkitehtitoimisto HKP&#8221; text_orientation=&#8221;center&#8221; content_max_width=&#8221;none&#8221; admin_label=&#8221;Fullwidth Header&#8221; _builder_version=&#8221;4.16&#8243; background_color=&#8221;rgba(255,255,255,0)&#8221; background_layout=&#8221;light&#8221; button_one_border_radius_hover=&#8221;3&#8243; button_two_border_radius_hover=&#8221;3&#8243; button_one_letter_spacing_hover=&#8221;0&#8243; button_two_letter_spacing_hover=&#8221;0&#8243; global_colors_info=&#8221;{}&#8221; button_one_text_size__hover_enabled=&#8221;off&#8221; button_two_text_size__hover_enabled=&#8221;off&#8221; button_one_text_color__hover_enabled=&#8221;off&#8221; button_two_text_color__hover_enabled=&#8221;off&#8221; button_one_border_width__hover_enabled=&#8221;off&#8221; button_two_border_width__hover_enabled=&#8221;off&#8221; button_one_border_color__hover_enabled=&#8221;off&#8221; button_two_border_color__hover_enabled=&#8221;off&#8221; button_one_border_radius__hover_enabled=&#8221;on&#8221; button_one_border_radius__hover=&#8221;3&#8243; button_two_border_radius__hover_enabled=&#8221;on&#8221; button_two_border_radius__hover=&#8221;3&#8243; button_one_letter_spacing__hover_enabled=&#8221;on&#8221; button_one_letter_spacing__hover=&#8221;0&#8243; button_two_letter_spacing__hover_enabled=&#8221;on&#8221; button_two_letter_spacing__hover=&#8221;0&#8243; button_one_bg_color__hover_enabled=&#8221;off&#8221; button_two_bg_color__hover_enabled=&#8221;off&#8221;][\/et_pb_fullwidth_header][\/et_pb_section]<\/p>\n","protected":false},"excerpt":{"rendered":"<p>Arkkitehtitoimisto HKP Oy Hietalahdenranta 5c B, 2.krs00120 Helsinki+358 9 680 3210 hkp@hkp.fifirstname.lastname@hkp.fi &nbsp;Risto Ingman tj, osakas, arkkitehti SAFA050 320 9061Jukka Hyv\u00e4m\u00e4ki osakas, arkkitehti SAFA050 549 9856Pekka Leskel\u00e4 osakas, arkkitehti SAFA040 538 9491<\/p>\n","protected":false},"author":1,"featured_media":0,"parent":22,"menu_order":0,"comment_status":"closed","ping_status":"closed","template":"","meta":{"_et_pb_use_builder":"on","_et_pb_old_content":"<p>[et_pb_section fb_built=\"1\" admin_label=\"section v\u00e4rikuva\" _builder_version=\"3.26.6\" background_image=\"https:\/\/hkp.fi\/wp-content\/uploads\/2019\/08\/sl_2_m\u00e4nty.jpg\" parallax=\"on\" parallax_method=\"off\" custom_padding=\"280px||280px|\" custom_padding_tablet=\"280px||280px|\" transparent_background=\"off\" padding_mobile=\"on\" make_fullwidth=\"off\" use_custom_width=\"off\" width_unit=\"on\" fb_built=\"1\" _i=\"0\" _address=\"0\"][et_pb_row column_structure=\"2_3,1_3\" admin_label=\"row\" _builder_version=\"3.26.6\" _i=\"0\" _address=\"0.0\"][et_pb_column type=\"2_3\" _builder_version=\"3.26.6\" _i=\"0\" _address=\"0.0.0\"][\/et_pb_column][et_pb_column type=\"1_3\" _builder_version=\"3.26.6\" background_color=\"rgba(0,0,0,0)\" custom_padding=\"|||\" custom_padding__hover=\"|||\" _i=\"1\" _address=\"0.0.1\"][et_pb_text admin_label=\"Text\" _builder_version=\"3.27.4\" text_text_color=\"#ffffff\" text_font_size=\"18px\" header_text_color=\"#ffffff\" header_3_text_color=\"#ffffff\" background_size=\"initial\" background_position=\"top_left\" background_repeat=\"repeat\" text_orientation=\"center\" module_alignment=\"center\" _i=\"0\" _address=\"0.0.1.0\"]<\/p><h1>Arkkitehtitoimisto HKP Oy<\/h1><p>Bulevardi 44, 4. krs.<br \/>00120 Helsinki<br \/>+358 9 680 3210<\/p><p>hkp@hkp.fi<br \/>firstname.lastname@hkp.fi<\/p><p>\u00a0<\/p><p>[\/et_pb_text][\/et_pb_column][\/et_pb_row][\/et_pb_section][et_pb_section fb_built=\"1\" admin_label=\"section blurrattu\" module_id=\"staff\" _builder_version=\"3.26.6\" background_color=\"#ffffff\" background_image=\"https:\/\/hkp.fi\/wp-content\/uploads\/2019\/08\/sl_2_kivi.jpg\" parallax=\"on\" parallax_method=\"off\" transparent_background=\"off\" fb_built=\"1\" _i=\"1\" _address=\"1\"][et_pb_row admin_label=\"row\" _builder_version=\"3.26.6\" background_size=\"initial\" background_position=\"top_left\" background_repeat=\"repeat\" _i=\"0\" _address=\"1.0\"][et_pb_column type=\"4_4\" _builder_version=\"3.25\" custom_padding=\"|||\" custom_padding__hover=\"|||\" _i=\"0\" _address=\"1.0.0\"][et_pb_blurb use_icon=\"on\" font_icon=\"%%153%%\" icon_color=\"#ffffff\" use_circle=\"on\" circle_color=\"rgba(0,0,0,0)\" use_circle_border=\"on\" circle_border_color=\"#ffffff\" admin_label=\"Blurb\" _builder_version=\"3.26.6\" background_size=\"initial\" background_position=\"top_left\" background_repeat=\"repeat\" text_orientation=\"center\" background_layout=\"dark\" animation=\"off\" use_border_color=\"off\" border_color=\"#ffffff\" border_style=\"solid\" _i=\"0\" _address=\"1.0.0.0\"][\/et_pb_blurb][\/et_pb_column][\/et_pb_row][et_pb_row column_structure=\"1_4,1_4,1_4,1_4\" padding_mobile=\"off\" column_padding_mobile=\"on\" admin_label=\"row\" _builder_version=\"3.25\" background_size=\"initial\" background_position=\"top_left\" background_repeat=\"repeat\" make_fullwidth=\"off\" use_custom_width=\"off\" width_unit=\"on\" _i=\"1\" _address=\"1.1\"][et_pb_column type=\"1_4\" _builder_version=\"3.25\" custom_padding=\"|||\" custom_padding__hover=\"|||\" _i=\"0\" _address=\"1.1.0\"][et_pb_testimonial quote_icon=\"off\" portrait_width=\"90px\" admin_label=\"antson\" module_id=\"antson\" _builder_version=\"3.26.6\" use_background_color=\"off\" background_size=\"initial\" background_position=\"top_left\" background_repeat=\"repeat\" text_orientation=\"center\" background_layout=\"dark\" border_radii_portrait=\"on|45px|45px|45px|45px\" use_border_color=\"off\" border_color=\"#ffffff\" border_style=\"solid\" _i=\"0\" _address=\"1.1.0.0\"]<\/p><p><strong>Pirjo Antson<\/strong><\/p><p>taloussihteeri<br \/>040 180 7495<\/p><p>[\/et_pb_testimonial][et_pb_testimonial quote_icon=\"off\" admin_label=\"ingman\" module_id=\"ingman\" _builder_version=\"3.26.6\" use_background_color=\"off\" background_size=\"initial\" background_position=\"top_left\" background_repeat=\"repeat\" text_orientation=\"center\" background_layout=\"dark\" use_border_color=\"off\" border_color=\"#ffffff\" border_style=\"solid\" _i=\"1\" _address=\"1.1.0.1\"]<\/p><p><strong>Risto Ingman<\/strong><\/p><p>tj, osakas, arkkitehti SAFA<br \/>050 320 9061<\/p><p>[\/et_pb_testimonial][et_pb_testimonial quote_icon=\"off\" admin_label=\"leskel\u00e4\" module_id=\"leskela\" _builder_version=\"3.26.6\" use_background_color=\"off\" background_size=\"initial\" background_position=\"top_left\" background_repeat=\"repeat\" text_orientation=\"center\" background_layout=\"dark\" use_border_color=\"off\" border_color=\"#ffffff\" border_style=\"solid\" _i=\"2\" _address=\"1.1.2.2\"]<\/p><p><strong>Pekka Leskel\u00e4<\/strong><\/p><p>osakas, arkkitehti SAFA<br \/>040 538 9491<\/p><p>[\/et_pb_testimonial][et_pb_testimonial quote_icon=\"off\" admin_label=\"ollikainen\" _builder_version=\"3.26.6\" use_background_color=\"off\" background_size=\"initial\" background_position=\"top_left\" background_repeat=\"repeat\" text_orientation=\"center\" background_layout=\"dark\" use_border_color=\"off\" border_color=\"#ffffff\" border_style=\"solid\" _i=\"3\" _address=\"1.1.3.3\"]<\/p><p><strong>Jukka Ollikainen<\/strong><\/p><p>arkkitehti SAFA<br \/>040 536 9727<\/p><p>[\/et_pb_testimonial][et_pb_testimonial quote_icon=\"off\" admin_label=\"maija suvisto\" _builder_version=\"3.26.6\" use_background_color=\"off\" background_size=\"initial\" background_position=\"top_left\" background_repeat=\"repeat\" text_orientation=\"center\" background_layout=\"dark\" use_border_color=\"off\" border_color=\"#ffffff\" border_style=\"solid\" portrait_border_radius=\"90\" _i=\"4\" _address=\"1.1.2.4\"]<\/p><p><strong>Maija\u00a0Suvisto<\/strong><\/p><p>toimistoassistentti<\/p><p>[\/et_pb_testimonial][\/et_pb_column][et_pb_column type=\"1_4\" _builder_version=\"3.25\" custom_padding=\"|||\" custom_padding__hover=\"|||\" _i=\"1\" _address=\"1.1.1\"][et_pb_testimonial quote_icon=\"off\" admin_label=\"Hulmi\" _builder_version=\"3.26.6\" use_background_color=\"off\" background_size=\"initial\" background_position=\"top_left\" background_repeat=\"repeat\" text_orientation=\"center\" background_layout=\"dark\" use_border_color=\"off\" border_color=\"#ffffff\" border_style=\"solid\" portrait_border_radius=\"90\" _i=\"0\" _address=\"1.1.1.0\"]<\/p><p><strong>Joona Hulmi<\/strong><\/p><p>arkkitehti SAFA<br \/>.<\/p><p>[\/et_pb_testimonial][et_pb_testimonial quote_icon=\"off\" admin_label=\"kalli\" _builder_version=\"3.26.6\" use_background_color=\"off\" background_size=\"initial\" background_position=\"top_left\" background_repeat=\"repeat\" text_orientation=\"center\" background_layout=\"dark\" use_border_color=\"off\" border_color=\"#ffffff\" border_style=\"solid\" portrait_border_radius=\"90\" _i=\"1\" _address=\"1.1.1.1\"]<\/p><p><b>Reetta Kalli<\/b><\/p><p>arkkitehti<br \/>040 843 1664<\/p><p>[\/et_pb_testimonial][et_pb_testimonial quote_icon=\"off\" admin_label=\"maaranen\" _builder_version=\"3.26.6\" use_background_color=\"off\" background_size=\"initial\" background_position=\"top_left\" background_repeat=\"repeat\" text_orientation=\"center\" background_layout=\"dark\" use_border_color=\"off\" border_color=\"#ffffff\" border_style=\"solid\" _i=\"2\" _address=\"1.1.3.2\"]<\/p><p><strong>Lasse Maaranen<\/strong><\/p><p>arkkitehti SAFA<br \/>050 432 4038<\/p><p>[\/et_pb_testimonial][et_pb_testimonial quote_icon=\"off\" admin_label=\"palm\" _builder_version=\"3.26.6\" use_background_color=\"off\" background_size=\"initial\" background_position=\"top_left\" background_repeat=\"repeat\" text_orientation=\"center\" background_layout=\"dark\" use_border_color=\"off\" border_color=\"#ffffff\" border_style=\"solid\" _i=\"3\" _address=\"1.1.0.3\"]<\/p><p><strong>Michael Palm<\/strong><\/p><p>arkkitehti SAFA<br \/>050 355 4710<\/p><p>[\/et_pb_testimonial][et_pb_testimonial quote_icon=\"off\" admin_label=\"suvisto\" module_id=\"suvisto\" _builder_version=\"3.26.6\" use_background_color=\"off\" background_size=\"initial\" background_position=\"top_left\" background_repeat=\"repeat\" text_orientation=\"center\" background_layout=\"dark\" use_border_color=\"off\" border_color=\"#ffffff\" border_style=\"solid\" _i=\"4\" _address=\"1.1.3.4\"]<\/p><p><strong>Mikko Suvisto<\/strong><\/p><p>osakas, arkkitehti SAFA<br \/>040 509 7650<\/p><p>[\/et_pb_testimonial][\/et_pb_column][et_pb_column type=\"1_4\" _builder_version=\"3.25\" custom_padding=\"|||\" custom_padding__hover=\"|||\" _i=\"2\" _address=\"1.1.2\"][et_pb_testimonial quote_icon=\"off\" admin_label=\"hyv\u00e4m\u00e4ki\" module_id=\"hyvamaki\" _builder_version=\"3.26.6\" use_background_color=\"off\" background_size=\"initial\" background_position=\"top_left\" background_repeat=\"repeat\" text_orientation=\"center\" background_layout=\"dark\" use_border_color=\"off\" border_color=\"#ffffff\" border_style=\"solid\" _i=\"0\" _address=\"1.1.2.0\"]<\/p><p><strong>Jukka Hyv\u00e4m\u00e4ki<\/strong><\/p><p>osakas, arkkitehti SAFA<br \/>050 549 9856<\/p><p>[\/et_pb_testimonial][et_pb_testimonial quote_icon=\"off\" admin_label=\"karvonen\" _builder_version=\"3.26.6\" use_background_color=\"off\" background_size=\"initial\" background_position=\"top_left\" background_repeat=\"repeat\" text_orientation=\"center\" background_layout=\"dark\" use_border_color=\"off\" border_color=\"#ffffff\" border_style=\"solid\" _i=\"1\" _address=\"1.1.2.1\"]<\/p><p><strong>Raija Karvonen<\/strong><\/p><p>suunnittelija<br \/>050 300 3288<\/p><p>[\/et_pb_testimonial][et_pb_testimonial quote_icon=\"off\" admin_label=\"mandelin\" _builder_version=\"3.26.6\" use_background_color=\"off\" background_size=\"initial\" background_position=\"top_left\" background_repeat=\"repeat\" text_orientation=\"center\" background_layout=\"dark\" use_border_color=\"off\" border_color=\"#ffffff\" border_style=\"solid\" portrait_border_radius=\"90\" _i=\"2\" _address=\"1.1.0.2\"]<\/p><p><strong>Mailis Mandelin<\/strong><\/p><p>arkkitehti SAFA<br \/>050 407 2344<\/p><p>[\/et_pb_testimonial][et_pb_testimonial quote_icon=\"off\" admin_label=\"pesari\" _builder_version=\"3.26.6\" use_background_color=\"off\" background_size=\"initial\" background_position=\"top_left\" background_repeat=\"repeat\" text_orientation=\"center\" background_layout=\"dark\" use_border_color=\"off\" border_color=\"#ffffff\" border_style=\"solid\" _i=\"3\" _address=\"1.1.1.3\"]<\/p><p><strong>Kirsti-Maarit Pesari<\/strong><\/p><p>rakennusarkkitehti<br \/>050 346\u00a01311<\/p><p>[\/et_pb_testimonial][et_pb_testimonial quote_icon=\"off\" admin_label=\"Tenhola\" _builder_version=\"3.26.6\" use_background_color=\"off\" background_size=\"initial\" background_position=\"top_left\" background_repeat=\"repeat\" text_orientation=\"center\" background_layout=\"dark\" use_border_color=\"off\" border_color=\"#ffffff\" border_style=\"solid\" portrait_border_radius=\"90\" _i=\"4\" _address=\"1.1.1.4\"]<\/p><p><strong>Anna Tenhola<\/strong><\/p><p>rakennusarkkitehti<br \/>050 517 1900<\/p><p>[\/et_pb_testimonial][\/et_pb_column][et_pb_column type=\"1_4\" _builder_version=\"3.25\" custom_padding=\"|||\" custom_padding__hover=\"|||\" _i=\"3\" _address=\"1.1.3\"][et_pb_testimonial quote_icon=\"off\" admin_label=\"id\" _builder_version=\"3.26.6\" use_background_color=\"off\" background_size=\"initial\" background_position=\"top_left\" background_repeat=\"repeat\" text_orientation=\"center\" background_layout=\"dark\" use_border_color=\"off\" border_color=\"#ffffff\" border_style=\"solid\" _i=\"0\" _address=\"1.1.3.0\"]<\/p><p><strong>Riitta Id<\/strong><\/p><p>arkkitehti SAFA<br \/>040 527 7798<\/p><p>[\/et_pb_testimonial][et_pb_testimonial quote_icon=\"off\" admin_label=\"kokkonen\" _builder_version=\"3.26.6\" use_background_color=\"off\" background_size=\"initial\" background_position=\"top_left\" background_repeat=\"repeat\" text_orientation=\"center\" background_layout=\"dark\" use_border_color=\"off\" border_color=\"#ffffff\" border_style=\"solid\" portrait_border_radius=\"90\" _i=\"1\" _address=\"1.1.3.1\"]<\/p><p><strong>Olli Kokkonen<\/strong><\/p><p>rakennusinsin\u00f6\u00f6ri<br \/>050 562 9386<\/p><p>[\/et_pb_testimonial][et_pb_testimonial quote_icon=\"off\" admin_label=\"oja\" _builder_version=\"3.26.6\" use_background_color=\"off\" background_size=\"initial\" background_position=\"top_left\" background_repeat=\"repeat\" text_orientation=\"center\" background_layout=\"dark\" use_border_color=\"off\" border_color=\"#ffffff\" border_style=\"solid\" _i=\"3\" _address=\"1.1.2.3\"]<\/p><p><strong>Ami Oja<\/strong><\/p><p>arkkitehti SAFA<br \/>050 556 1974<\/p><p>[\/et_pb_testimonial][et_pb_testimonial quote_icon=\"off\" admin_label=\"Seuna\" _builder_version=\"3.26.6\" use_background_color=\"off\" background_size=\"initial\" background_position=\"top_left\" background_repeat=\"repeat\" text_orientation=\"center\" background_layout=\"dark\" use_border_color=\"off\" border_color=\"#ffffff\" border_style=\"solid\" _i=\"4\" _address=\"1.1.0.4\"]<\/p><p><strong>Taina Seuna<\/strong><\/p><p>suunnittelija<br \/>050 591 4794<\/p><p>[\/et_pb_testimonial][\/et_pb_column][\/et_pb_row][\/et_pb_section][et_pb_section fb_built=\"1\" fullwidth=\"on\" admin_label=\"section\" _builder_version=\"3.26.6\" background_color=\"rgba(255,255,255,0)\" transparent_background=\"on\" fb_built=\"1\" _i=\"2\" _address=\"2\"][et_pb_fullwidth_header title=\"Arkkitehtitoimisto HKP\" text_orientation=\"center\" content_max_width=\"none\" admin_label=\"Fullwidth Header\" _builder_version=\"3.26.6\" background_color=\"rgba(255,255,255,0)\" background_layout=\"light\" button_one_border_radius_hover=\"3\" button_two_border_radius_hover=\"3\" button_one_letter_spacing_hover=\"0\" button_two_letter_spacing_hover=\"0\" button_one_text_size__hover_enabled=\"off\" button_two_text_size__hover_enabled=\"off\" button_one_text_color__hover_enabled=\"off\" button_two_text_color__hover_enabled=\"off\" button_one_border_width__hover_enabled=\"off\" button_two_border_width__hover_enabled=\"off\" button_one_border_color__hover_enabled=\"off\" button_two_border_color__hover_enabled=\"off\" button_one_border_radius__hover_enabled=\"on\" button_one_border_radius__hover=\"3\" button_two_border_radius__hover_enabled=\"on\" button_two_border_radius__hover=\"3\" button_one_letter_spacing__hover_enabled=\"on\" button_one_letter_spacing__hover=\"0\" button_two_letter_spacing__hover_enabled=\"on\" button_two_letter_spacing__hover=\"0\" button_one_bg_color__hover_enabled=\"off\" button_two_bg_color__hover_enabled=\"off\" _i=\"0\" _address=\"2.0\"][\/et_pb_fullwidth_header][\/et_pb_section]<\/p>","_et_gb_content_width":"","footnotes":""},"class_list":["post-51","page","type-page","status-publish","hentry"],"_links":{"self":[{"href":"https:\/\/hkp.fi\/index.php?rest_route=\/wp\/v2\/pages\/51","targetHints":{"allow":["GET"]}}],"collection":[{"href":"https:\/\/hkp.fi\/index.php?rest_route=\/wp\/v2\/pages"}],"about":[{"href":"https:\/\/hkp.fi\/index.php?rest_route=\/wp\/v2\/types\/page"}],"author":[{"embeddable":true,"href":"https:\/\/hkp.fi\/index.php?rest_route=\/wp\/v2\/users\/1"}],"replies":[{"embeddable":true,"href":"https:\/\/hkp.fi\/index.php?rest_route=%2Fwp%2Fv2%2Fcomments&post=51"}],"version-history":[{"count":163,"href":"https:\/\/hkp.fi\/index.php?rest_route=\/wp\/v2\/pages\/51\/revisions"}],"predecessor-version":[{"id":4768,"href":"https:\/\/hkp.fi\/index.php?rest_route=\/wp\/v2\/pages\/51\/revisions\/4768"}],"up":[{"embeddable":true,"href":"https:\/\/hkp.fi\/index.php?rest_route=\/wp\/v2\/pages\/22"}],"wp:attachment":[{"href":"https:\/\/hkp.fi\/index.php?rest_route=%2Fwp%2Fv2%2Fmedia&parent=51"}],"curies":[{"name":"wp","href":"https:\/\/api.w.org\/{rel}","templated":true}]}}